{"id":29,"date":"2015-06-05T10:26:00","date_gmt":"2015-06-05T09:26:00","guid":{"rendered":"https:\/\/poderegori.it\/de\/?page_id=29"},"modified":"2016-12-01T11:29:15","modified_gmt":"2016-12-01T09:29:15","slug":"reservierung","status":"publish","type":"page","link":"https:\/\/poderegori.it\/de\/reservierung\/","title":{"rendered":"Reservierung"},"content":{"rendered":"<div style=\"width:40%;padding:0 10pt 0 0;float:left;\">\n\t\n\n<!-- Fast Secure Contact Form plugin 4.0.52 - begin - FastSecureContactForm.com -->\r\n<div style=\"clear:both;\"><\/div>\n<p>Wir freuen und auf Ihre Reservierungsanfrage!<\/p>\r\n<div id=\"FSContact1\" style=\"width:99%; max-width:890px;\">\r\n<form action=\"https:\/\/poderegori.it\/de\/wp-json\/wp\/v2\/pages\/29#FSContact1\" id=\"fscf_form1\" method=\"post\">\r\n\n<div id=\"fscf_required1\">\n  <span style=\"text-align:left;\">*<\/span> <span style=\"text-align:left;\">Pflichtfeld<\/span>\n<\/div>\n\n\n<div id=\"fscf_div_clear1_0\" style=\"clear:both;\">\n  <div id=\"fscf_div_field1_0\" style=\"clear:left; float:left; width:99%; max-width:435px; margin-right:10px;\">\r\n    <div style=\"text-align:left; padding-top:5px;\">\n      <label style=\"text-align:left;\" for=\"fscf_name1\">Name:<span style=\"text-align:left;\">*<\/span><\/label>\n    <\/div>\r\n    <div style=\"text-align:left;\">\r\n      <input style=\"text-align:left; margin:0; width:99%; max-width:435px;\" type=\"text\" id=\"fscf_name1\" name=\"full_name\" value=\"\"  readonly=\"readonly\" \/>\r\n    <\/div>\r\n  <\/div>\n<\/div>\n\n<div id=\"fscf_div_clear1_4\" style=\"clear:both;\">\n  <div id=\"fscf_div_field1_4\" style=\"clear:left; float:left; width:99%; max-width:435px; margin-right:10px;\">\n    <div  id=\"fscf_label1_4\" style=\"text-align:left; padding-top:5px;\">\r\n      <label style=\"text-align:left;\" for=\"fscf_field1_4\">Anreisetag<\/label>\n    <\/div>\n    <div style=\"text-align:left;\">\n      <input style=\"text-align:left; margin:0; width:99%; max-width:435px;\" type=\"text\" id=\"fscf_field1_4\" name=\"Ankunftstag\" value=\"tt\/mm\/jjjj\"  size=\"15\"  \/>\n    <\/div>\n  <\/div>\n<\/div>\n\n<div id=\"fscf_div_clear1_5\" style=\"clear:both;\">\n  <div id=\"fscf_div_field1_5\" style=\"clear:left; float:left; width:99%; max-width:435px; margin-right:10px;\">\n    <div  id=\"fscf_label1_5\" style=\"text-align:left; padding-top:5px;\">\r\n      <label style=\"text-align:left;\" for=\"fscf_field1_5\">Abreisetag<\/label>\n    <\/div>\n    <div style=\"text-align:left;\">\n      <input style=\"text-align:left; margin:0; width:99%; max-width:435px;\" type=\"text\" id=\"fscf_field1_5\" name=\"Abreisetag\" value=\"tt\/mm\/jjjj\"  size=\"15\"  \/>\n    <\/div>\n  <\/div>\n<\/div>\n\n<div id=\"fscf_div_clear1_1\" style=\"clear:both;\">\n  <div id=\"fscf_div_field1_1\" style=\"clear:left; float:left; width:99%; max-width:435px; margin-right:10px;\">\n    <div style=\"text-align:left; padding-top:5px;\">\n      <label style=\"text-align:left;\" for=\"fscf_email1\">E-Mail:<span style=\"text-align:left;\">*<\/span><\/label>\n    <\/div>\n    <div style=\"text-align:left;\">\n      <input style=\"text-align:left; margin:0; width:99%; max-width:435px;\" type=\"text\" id=\"fscf_email1\" name=\"email\" value=\"\"  readonly=\"readonly\" \/>\n    <\/div>\n  <\/div>\n<\/div>\n\n<div id=\"fscf_div_clear1_2\" style=\"clear:both;\">\n  <div id=\"fscf_div_field1_2\" style=\"clear:left; float:left; width:99%; max-width:435px; margin-right:10px;\">\n    <div style=\"text-align:left; padding-top:5px;\">\n      <label style=\"text-align:left;\" for=\"fscf_field1_2\">Betreff:<span style=\"text-align:left;\">*<\/span><\/label>\n    <\/div>\n    <div style=\"text-align:left;\">\n      <input style=\"text-align:left; margin:0; width:99%; max-width:435px;\" type=\"text\" id=\"fscf_field1_2\" name=\"subject\" value=\"\"  \/>\n    <\/div>\n  <\/div>\n<\/div>\n\n<div id=\"fscf_div_clear1_3\" style=\"clear:both;\">\n  <div id=\"fscf_div_field1_3\" style=\"clear:left; float:left; width:99%; max-width:435px; margin-right:10px;\">\n    <div style=\"text-align:left; padding-top:5px;\">\n      <label style=\"text-align:left;\" for=\"fscf_field1_3\">Nachricht:<span style=\"text-align:left;\">*<\/span><\/label>\n    <\/div>\n    <div style=\"text-align:left;\">\n      <textarea style=\"text-align:left; margin:0; width:99%; max-width:435px; height:120px;\" id=\"fscf_field1_3\" name=\"message\" cols=\"30\" rows=\"10\" ><\/textarea>\n    <\/div>\n  <\/div>\n<\/div>\r\n<div style=\"clear:both;\"><\/div>\n\n<div style=\"text-align:left; padding-top:5px;\">\n<\/div>\n<div id=\"fscf_recaptcha1\"><\/div>\n\n<div id=\"fscf_submit_div1\" style=\"text-align:left; clear:both; padding-top:15px;\">\r\n\t\t<input type=\"submit\" id=\"fscf_submit1\" style=\"cursor:pointer; margin:0;\" value=\"senden\"  onclick=\"this.disabled=true; this.value='Submitting...'; this.form.submit();\" \/> \n<\/div>\n\n<input type=\"hidden\" name=\"fscf_submitted\" value=\"0\" \/>\n<input type=\"hidden\" name=\"fs_postonce_1\" value=\"078fea7a05dc20b65b014cfd04f9ffa6,1776784650\" \/>\n<input type=\"hidden\" name=\"si_contact_action\" value=\"send\" \/>\n<input type=\"hidden\" name=\"form_id\" value=\"1\" \/>\n<input type=\"hidden\" name=\"mailto_id\" value=\"1\" \/>\n\n<\/form>\n<\/div>\r\n<div style=\"clear:both;\"><\/div>\n\n<!-- Fast Secure Contact Form plugin 4.0.52 - end - FastSecureContactForm.com -->\n\n<\/div>\n<div style=\"width:40%;padding:0 10pt 0 0;float:right;\">\n<h2>Preise<\/h2>\n<p>\tDie Preise pro <strong>\u00dcbernachtung<\/strong> variieren je nach Zeitraum <strong>zwischen 30 und 40 Euro pro Nacht und Person<\/strong>. Das Fr\u00fchst\u00fcck ist inbegriffen. Hinzu kommt eine Tourismussteuer, welche aktuell 0,70 Euro betr\u00e4gt. F\u00fcr Kinder bis zum einschlie\u00dflich 9. Lebensjahr bieten wir Rabatte.<\/p>\n<p>\tDie Preise f\u00fcr eine <strong>Verpflegung<\/strong> liegen <strong>zwischen 15 und 30 Euro pro Person<\/strong> und variieren je nach Men\u00fc. Auch hier zahlen Kinder bis zum einschlie\u00dflich 9. Lebensjahr einen reduzierten Preis.<\/p>\n<p>\tF\u00fcr Details bitten wir um eine unverbindliche <a href=\"https:\/\/poderegori.it\/de\/kontakt\/\" title=\"Kontakt\">Kontaktaufnahme<\/a>.<\/p>\n<p><!--\n\tG\u00fcltig f\u00fcr \u00dcbernachtung inklusive Fr\u00fchst\u00fcck pro Person und Nacht.\n\n\t<strong>Hauptsaison<\/strong> (1. Juli - 31. August)\n\tPro Nacht: 35,00 \u20ac\n\tPro Wochenende (2 N\u00e4chte): 65,00 \u20ac\n\tPro Woche (7 N\u00e4chte): 220,00 \u20ac\n\tKinder bis einschlie\u00dflich zum 7. Lebensjahr: gratis\n\tKinder ab dem 8. Lebensjahr: 25,00 \u20ac\n\n\t<strong>Nebensaison<\/strong> (1. September - 30. Juni)\n\tPro Nacht: 30,00 \u20ac\n\tPro Wochenende (2 N\u00e4chte): 55,00 \u20ac\n\tPro Woche (7 N\u00e4chte): 190,00 \u20ac\n\tKinder bis einschlie\u00dflich zum 7. Lebensjahr: gratuito\n\tKinder ab dem 8. Lebensjahr: 20,00 \u20ac\n--><\/p>\n<h2>Zahlungsarten<\/h2>\n<p>\tDirekt im Agriturismo, Zahlung auch per Kreditkarte m\u00f6glich.<br \/>\n\tAkzeptierte Karten: VISA, MasterCard<\/p>\n<h2>Fragen?<\/h2>\n<p>\t<a href=\"https:\/\/poderegori.it\/de\/kontakt\/\" title=\"Kontakt\">\u203a Hier klicken zur Kontaktaufnahme!<\/a>\n<\/div>\n<div style=\u201dclear:both;\u201d><\/div>\n","protected":false},"excerpt":{"rendered":"<p>Preise Die Preise pro \u00dcbernachtung variieren je nach Zeitraum zwischen 30 und 40 Euro pro Nacht und Person. Das Fr\u00fchst\u00fcck ist inbegriffen. Hinzu kommt eine Tourismussteuer, welche aktuell 0,70 Euro betr\u00e4gt. F\u00fcr Kinder bis zum einschlie\u00dflich 9. Lebensjahr bieten wir Rabatte. Die Preise f\u00fcr eine Verpflegung liegen zwischen 15 und 30 Euro pro Person und [&hellip;]<\/p>\n","protected":false},"author":1,"featured_media":63,"parent":0,"menu_order":80,"comment_status":"closed","ping_status":"closed","template":"","meta":{"footnotes":""},"class_list":["post-29","page","type-page","status-publish","has-post-thumbnail","hentry"],"aioseo_notices":[],"_links":{"self":[{"href":"https:\/\/poderegori.it\/de\/wp-json\/wp\/v2\/pages\/29","targetHints":{"allow":["GET"]}}],"collection":[{"href":"https:\/\/poderegori.it\/de\/wp-json\/wp\/v2\/pages"}],"about":[{"href":"https:\/\/poderegori.it\/de\/wp-json\/wp\/v2\/types\/page"}],"author":[{"embeddable":true,"href":"https:\/\/poderegori.it\/de\/wp-json\/wp\/v2\/users\/1"}],"replies":[{"embeddable":true,"href":"https:\/\/poderegori.it\/de\/wp-json\/wp\/v2\/comments?post=29"}],"version-history":[{"count":5,"href":"https:\/\/poderegori.it\/de\/wp-json\/wp\/v2\/pages\/29\/revisions"}],"predecessor-version":[{"id":135,"href":"https:\/\/poderegori.it\/de\/wp-json\/wp\/v2\/pages\/29\/revisions\/135"}],"wp:featuredmedia":[{"embeddable":true,"href":"https:\/\/poderegori.it\/de\/wp-json\/wp\/v2\/media\/63"}],"wp:attachment":[{"href":"https:\/\/poderegori.it\/de\/wp-json\/wp\/v2\/media?parent=29"}],"curies":[{"name":"wp","href":"https:\/\/api.w.org\/{rel}","templated":true}]}}