{"id":25,"date":"2015-06-05T10:05:56","date_gmt":"2015-06-05T09:05:56","guid":{"rendered":"https:\/\/poderegori.it\/de\/?page_id=25"},"modified":"2015-06-16T09:06:11","modified_gmt":"2015-06-16T08:06:11","slug":"ueber-uns","status":"publish","type":"page","link":"https:\/\/poderegori.it\/de\/ueber-uns\/","title":{"rendered":"\u00dcber uns"},"content":{"rendered":"<p><a href=\"https:\/\/poderegori.it\/de\/wp-content\/uploads\/sites\/3\/2015\/06\/podere-gori_frantoio.jpg\" rel=\"lightbox[25]\"><img loading=\"lazy\" decoding=\"async\" src=\"https:\/\/poderegori.it\/de\/wp-content\/uploads\/sites\/3\/2015\/06\/podere-gori_frantoio-199x300.jpg\" alt=\"podere-gori_frantoio\" width=\"199\" height=\"300\" class=\"alignright size-medium wp-image-57\" srcset=\"https:\/\/poderegori.it\/de\/wp-content\/uploads\/sites\/3\/2015\/06\/podere-gori_frantoio-199x300.jpg 199w, https:\/\/poderegori.it\/de\/wp-content\/uploads\/sites\/3\/2015\/06\/podere-gori_frantoio-680x1024.jpg 680w, https:\/\/poderegori.it\/de\/wp-content\/uploads\/sites\/3\/2015\/06\/podere-gori_frantoio-266x400.jpg 266w, https:\/\/poderegori.it\/de\/wp-content\/uploads\/sites\/3\/2015\/06\/podere-gori_frantoio.jpg 1000w\" sizes=\"auto, (max-width: 199px) 100vw, 199px\" \/><\/a><em>Podere Gori<\/em> ist ein kleines, familiengef\u00fchrtes Agriturismo, gelegen an den toskanisch-emilianischen Ausl\u00e4ufern des Appennin in der Provinz <strong>Pistoia<\/strong> in der <strong>Toskana<\/strong>. Das mittelalterliche \u00d6rtchen <strong>Montecatini Alto<\/strong> grenzt direkt oberhalb an unser Anwesens. Dessen Lage, 100 Meter \u00fcber dem Meeresspiegel, erlaubt eine gro\u00dfartige Sicht auf das weite Tal, Montecatini Terme und die angrenzenden Orte.<\/p>\n<p>Wir sind umringt von Olivenhainen, die nur ab und zu von Eichen und Akazienb\u00e4umen durchbrochen werden \u2013 eine typische Vegetation f\u00fcr diese h\u00fcgelige Gegend. Das Haus stammt aus dem Ende des 18. Jahrhunderts und wurde vor kurzem liebevoll restauriert. An die Geschichte des Hauses erinnert das in Stein gemei\u00dfelte Baujahr 1791 an einer Mauer zum Keller. Auch im aus Kalkstein gefertigten T\u00fcrrahmen am Eingang findet sich die Erinnerung an die Erbauung unseres Zuhauses (MCXXX).<\/p>\n<p><a href=\"https:\/\/poderegori.it\/de\/wp-content\/uploads\/sites\/3\/2015\/06\/0231.jpg\" rel=\"lightbox[25]\"><img loading=\"lazy\" decoding=\"async\" src=\"https:\/\/poderegori.it\/de\/wp-content\/uploads\/sites\/3\/2015\/06\/0231-225x300.jpg\" alt=\"0231\" width=\"225\" height=\"300\" class=\"alignleft size-medium wp-image-44\" srcset=\"https:\/\/poderegori.it\/de\/wp-content\/uploads\/sites\/3\/2015\/06\/0231-225x300.jpg 225w, https:\/\/poderegori.it\/de\/wp-content\/uploads\/sites\/3\/2015\/06\/0231-768x1024.jpg 768w, https:\/\/poderegori.it\/de\/wp-content\/uploads\/sites\/3\/2015\/06\/0231-300x400.jpg 300w, https:\/\/poderegori.it\/de\/wp-content\/uploads\/sites\/3\/2015\/06\/0231.jpg 1200w\" sizes=\"auto, (max-width: 225px) 100vw, 225px\" \/><\/a>Wir betreiben das Agriturismo in dritter Generation weiter, wobei die beiden vorherigen Generationen die typisch toskanische Landwirtschaft betrieben. Die Tradition setzen wir fort und konzentrieren uns dabei aktuell auf die Herstellung von Oliven\u00f6l. Wir sind stolz auf unsere etwa 600 Olivenb\u00e4ume, die direkt an das Haus angrenzen. Einige davon sind Jahrhunderte alt. Au\u00dferdem bauen wir Obst und Gem\u00fcse an, verkaufen eigenen Honig und k\u00f6nnen zudem mit eigenen H\u00fchnern f\u00fcr frische Eier sorgen. Unsere Produkte verkaufen wir auf dem regionalen <strong>SLOW FOOD Bio-Wochenmarkt<\/strong>, der w\u00f6chentlich in Montecatini Terme stattfindet. Neben all diesen Aktivit\u00e4ten haben wir Anfang 2015 unser Agriturismo er\u00f6ffnet. Hier hei\u00dfen wir Sie nun in drei Doppelzimmern mit eigenem Bad willkommen! Und mehr noch: Bei uns k\u00f6nnen Sie auch hausgemachte toskanischen Leckerbissen genie\u00dfen.<\/p>\n<p>Den Betrieb f\u00fchrt <strong>Emanuela<\/strong> als Inhaberin, die sich vor allem um die K\u00fcche, den Gem\u00fcsegarten und die H\u00fchner k\u00fcmmert. Ihre ganze Familie unterst\u00fctzt sie dabei tatkr\u00e4ftig.<\/p>\n","protected":false},"excerpt":{"rendered":"<p>Podere Gori ist ein kleines, familiengef\u00fchrtes Agriturismo, gelegen an den toskanisch-emilianischen Ausl\u00e4ufern des Appennin in der Provinz Pistoia in der Toskana. Das mittelalterliche \u00d6rtchen Montecatini Alto grenzt direkt oberhalb an unser Anwesens. Dessen Lage, 100 Meter \u00fcber dem Meeresspiegel, erlaubt eine gro\u00dfartige Sicht auf das weite Tal, Montecatini Terme und die angrenzenden Orte. Wir sind [&hellip;]<\/p>\n","protected":false},"author":1,"featured_media":49,"parent":0,"menu_order":60,"comment_status":"closed","ping_status":"closed","template":"","meta":{"footnotes":""},"class_list":["post-25","page","type-page","status-publish","has-post-thumbnail","hentry"],"aioseo_notices":[],"_links":{"self":[{"href":"https:\/\/poderegori.it\/de\/wp-json\/wp\/v2\/pages\/25","targetHints":{"allow":["GET"]}}],"collection":[{"href":"https:\/\/poderegori.it\/de\/wp-json\/wp\/v2\/pages"}],"about":[{"href":"https:\/\/poderegori.it\/de\/wp-json\/wp\/v2\/types\/page"}],"author":[{"embeddable":true,"href":"https:\/\/poderegori.it\/de\/wp-json\/wp\/v2\/users\/1"}],"replies":[{"embeddable":true,"href":"https:\/\/poderegori.it\/de\/wp-json\/wp\/v2\/comments?post=25"}],"version-history":[{"count":3,"href":"https:\/\/poderegori.it\/de\/wp-json\/wp\/v2\/pages\/25\/revisions"}],"predecessor-version":[{"id":104,"href":"https:\/\/poderegori.it\/de\/wp-json\/wp\/v2\/pages\/25\/revisions\/104"}],"wp:featuredmedia":[{"embeddable":true,"href":"https:\/\/poderegori.it\/de\/wp-json\/wp\/v2\/media\/49"}],"wp:attachment":[{"href":"https:\/\/poderegori.it\/de\/wp-json\/wp\/v2\/media?parent=25"}],"curies":[{"name":"wp","href":"https:\/\/api.w.org\/{rel}","templated":true}]}}