{"id":23,"date":"2015-06-05T09:54:20","date_gmt":"2015-06-05T08:54:20","guid":{"rendered":"https:\/\/poderegori.it\/de\/?page_id=23"},"modified":"2016-12-01T10:33:06","modified_gmt":"2016-12-01T08:33:06","slug":"lage","status":"publish","type":"page","link":"https:\/\/poderegori.it\/de\/lage\/","title":{"rendered":"Lage"},"content":{"rendered":"<p><div id=\"attachment_48\" style=\"width: 310px\" class=\"wp-caption alignleft\"><a href=\"https:\/\/poderegori.it\/de\/wp-content\/uploads\/sites\/3\/2015\/06\/podere-gori_casale_2.jpg\" rel=\"lightbox[23]\"><img loading=\"lazy\" decoding=\"async\" aria-describedby=\"caption-attachment-48\" src=\"https:\/\/poderegori.it\/de\/wp-content\/uploads\/sites\/3\/2015\/06\/podere-gori_casale_2-300x199.jpg\" alt=\"Zufahrt zum Haus\" width=\"300\" height=\"199\" class=\"size-medium wp-image-48\" srcset=\"https:\/\/poderegori.it\/de\/wp-content\/uploads\/sites\/3\/2015\/06\/podere-gori_casale_2-300x199.jpg 300w, https:\/\/poderegori.it\/de\/wp-content\/uploads\/sites\/3\/2015\/06\/podere-gori_casale_2-1024x680.jpg 1024w, https:\/\/poderegori.it\/de\/wp-content\/uploads\/sites\/3\/2015\/06\/podere-gori_casale_2-602x400.jpg 602w, https:\/\/poderegori.it\/de\/wp-content\/uploads\/sites\/3\/2015\/06\/podere-gori_casale_2-200x133.jpg 200w, https:\/\/poderegori.it\/de\/wp-content\/uploads\/sites\/3\/2015\/06\/podere-gori_casale_2.jpg 1506w\" sizes=\"auto, (max-width: 300px) 100vw, 300px\" \/><\/a><p id=\"caption-attachment-48\" class=\"wp-caption-text\">Zufahrt zum Haus<\/p><\/div>Genie\u00dfen Sie die ruhige Umgebung des Agriturismo <strong>Podere Gori<\/strong>, das satte Gr\u00fcn der toskanischen Landschaft, das Gezwitscher der V\u00f6gel, die duftenden wilden Kr\u00e4uter und Blumen. Und wenn Sie sich nach etwas mehr Trubel sehnen, finden Sie sich nach nur wenigen Gehminuten in der Mitte des \u00d6rtchens <strong>Montecatini Terme<\/strong> wieder. Hier k\u00f6nnen Sie sich die bekannten Thermalquellen ansehen, denen die Stadt ihr Wachstum verdankt. Exquisite Gesch\u00e4fte, regionale Lokale und sogar eine Pferderennbahn warten darauf, von Ihnen entdeckt zu werden. <div id=\"attachment_60\" style=\"width: 310px\" class=\"wp-caption alignright\"><a href=\"https:\/\/poderegori.it\/de\/wp-content\/uploads\/sites\/3\/2015\/06\/podere-gori_funicolare_montecatini_3.jpg\" rel=\"lightbox[23]\"><img loading=\"lazy\" decoding=\"async\" aria-describedby=\"caption-attachment-60\" src=\"https:\/\/poderegori.it\/de\/wp-content\/uploads\/sites\/3\/2015\/06\/podere-gori_funicolare_montecatini_3-300x199.jpg\" alt=\"Seilbahn (Funiculare)\" width=\"300\" height=\"199\" class=\"size-medium wp-image-60\" srcset=\"https:\/\/poderegori.it\/de\/wp-content\/uploads\/sites\/3\/2015\/06\/podere-gori_funicolare_montecatini_3-300x199.jpg 300w, https:\/\/poderegori.it\/de\/wp-content\/uploads\/sites\/3\/2015\/06\/podere-gori_funicolare_montecatini_3-1024x680.jpg 1024w, https:\/\/poderegori.it\/de\/wp-content\/uploads\/sites\/3\/2015\/06\/podere-gori_funicolare_montecatini_3-602x400.jpg 602w, https:\/\/poderegori.it\/de\/wp-content\/uploads\/sites\/3\/2015\/06\/podere-gori_funicolare_montecatini_3-200x133.jpg 200w, https:\/\/poderegori.it\/de\/wp-content\/uploads\/sites\/3\/2015\/06\/podere-gori_funicolare_montecatini_3.jpg 1506w\" sizes=\"auto, (max-width: 300px) 100vw, 300px\" \/><\/a><p id=\"caption-attachment-60\" class=\"wp-caption-text\">Seilbahn (Funiculare)<\/p><\/div>Nicht zu vergessen die Seilbahn, die das thermale \u00d6rtchen mit dem historischen Stadtkern <strong>Montecatini Alto<\/strong> verbindet. Hier k\u00f6nnen Sie die Olivenhaine und die W\u00e4lder der H\u00fcgel von oben betrachten \u2013 und das alles in nur einen Katzensprung vom Agriturismo entfernt.<\/p>\n<p>Neben Montecatini Alto gibt es viele weitere original erhaltene mittelalterliche D\u00f6rfer in der Region. In wenigen Autominuten k\u00f6nnen Sie eine andere Zeit entdecken: Buggiano, Cozzile, Massa, Monsummano Alto, Montevettolini, Serravalle \u2013 das sind nur ein paar Orte, die es zu entdecken lohnt.<\/p>\n<p><div id=\"attachment_72\" style=\"width: 310px\" class=\"wp-caption alignleft\"><a href=\"https:\/\/poderegori.it\/de\/wp-content\/uploads\/sites\/3\/2015\/06\/podere-gori_oliveto_4.jpg\" rel=\"lightbox[23]\"><img loading=\"lazy\" decoding=\"async\" aria-describedby=\"caption-attachment-72\" src=\"https:\/\/poderegori.it\/de\/wp-content\/uploads\/sites\/3\/2015\/06\/podere-gori_oliveto_4-300x199.jpg\" alt=\"Olivenhain mit Verbindung zu den Wanderwegen nach Montecatini Alto\" width=\"300\" height=\"199\" class=\"size-medium wp-image-72\" srcset=\"https:\/\/poderegori.it\/de\/wp-content\/uploads\/sites\/3\/2015\/06\/podere-gori_oliveto_4-300x199.jpg 300w, https:\/\/poderegori.it\/de\/wp-content\/uploads\/sites\/3\/2015\/06\/podere-gori_oliveto_4-1024x680.jpg 1024w, https:\/\/poderegori.it\/de\/wp-content\/uploads\/sites\/3\/2015\/06\/podere-gori_oliveto_4-602x400.jpg 602w, https:\/\/poderegori.it\/de\/wp-content\/uploads\/sites\/3\/2015\/06\/podere-gori_oliveto_4-200x133.jpg 200w, https:\/\/poderegori.it\/de\/wp-content\/uploads\/sites\/3\/2015\/06\/podere-gori_oliveto_4.jpg 1506w\" sizes=\"auto, (max-width: 300px) 100vw, 300px\" \/><\/a><p id=\"caption-attachment-72\" class=\"wp-caption-text\">Olivenhain mit Verbindung zu den Wanderwegen nach Montecatini Alto<\/p><\/div>Das Podere Gori befindet sich nur wenige Kilometer entfernt von den gro\u00dfen italienischen Kunstst\u00e4dten wie <strong>Florenz<\/strong> (50 km), <strong>Siena<\/strong> (115 km) oder <strong>Pisa<\/strong> (50 km). Aber auch <strong>Lucca<\/strong> (30 km) und <strong>Pistoia<\/strong> (17 km) sind sehenswerte Ausflugsziele, die Sie direkt \u00fcber die Autobahn erreichen. Collodi (15 km) ist ebenfalls einen Besuch wert, um auf den Spuren Pinocchios zu wandeln. Einen Ausflug ans Meer sollten Sie sich au\u00dferdem nicht entgehen lassen: Nach nur 50 km k\u00f6nnen Sie es sich am Strand gem\u00fctlich machen oder durch die Gesch\u00e4fte in Versilia bummeln. Sie m\u00f6chten Golf spielen? Dann verbringen Sie doch einen sportlichen Tag im Montecatini Golf, nur 11 km entfernt vom Agriturismo.<\/p>\n<p><div id=\"attachment_68\" style=\"width: 310px\" class=\"wp-caption alignright\"><a href=\"https:\/\/poderegori.it\/de\/wp-content\/uploads\/sites\/3\/2015\/06\/podere-gori_mappa-sentieri.jpg\" rel=\"lightbox[23]\"><img loading=\"lazy\" decoding=\"async\" aria-describedby=\"caption-attachment-68\" src=\"https:\/\/poderegori.it\/de\/wp-content\/uploads\/sites\/3\/2015\/06\/podere-gori_mappa-sentieri-300x185.jpg\" alt=\"Karte der Wanderwege\" width=\"300\" height=\"185\" class=\"size-medium wp-image-68\" srcset=\"https:\/\/poderegori.it\/de\/wp-content\/uploads\/sites\/3\/2015\/06\/podere-gori_mappa-sentieri-300x185.jpg 300w, https:\/\/poderegori.it\/de\/wp-content\/uploads\/sites\/3\/2015\/06\/podere-gori_mappa-sentieri-1024x630.jpg 1024w, https:\/\/poderegori.it\/de\/wp-content\/uploads\/sites\/3\/2015\/06\/podere-gori_mappa-sentieri-650x400.jpg 650w, https:\/\/poderegori.it\/de\/wp-content\/uploads\/sites\/3\/2015\/06\/podere-gori_mappa-sentieri.jpg 1626w\" sizes=\"auto, (max-width: 300px) 100vw, 300px\" \/><\/a><p id=\"caption-attachment-68\" class=\"wp-caption-text\">Karte der Wanderwege<\/p><\/div>Sie m\u00f6chten einfach nur die Seele baumeln lassen? Dann verbringen Sie Ihre verdiente freie Zeit im Podere Gori doch einfach mit dem <em>dolce far niente<\/em>. Oder lassen Sie sich auf langen Spazierg\u00e4ngen kreuz und quer durch die H\u00fcgel der Gegend treiben. Entspannen Sie sich im Einklang mit der Natur und beobachten Sie die unterschiedlichen Formen, in denen sie sich zeigt: Olivenhaine und gepflegtes Ackerland, aber auch brach liegendes Gel\u00e4nde voller Brombeerstr\u00e4ucher, deren Fr\u00fcchte Sie im Sommer sammeln und probieren k\u00f6nnen. In den W\u00e4ldern k\u00f6nnen Sie mit ein bisschen Gl\u00fcck wild lebende Tiere wie Damhirsche, Rehe oder Bussarde beobachten. Oder Sie nehmen den direkten Wanderweg in den etwas h\u00f6her gelegenen Ort <strong>Montecatini Alto<\/strong> und genie\u00dfen dort die herrliche Aussicht.<\/p>\n<h2>So erreichen Sie uns<\/h2>\n<p>Wenn Sie mit dem Auto anreisen und die Autobahn A11 &#8211; E76 (&#8222;Firenze-Mare&#8220;) nehmen, nutzen Sie aus beiden Richtungen die Ausfahrt <strong>Montecatini Terme<\/strong>. Von der Mautstelle aus fahren Sie weiter in Richtung Norden. Bis zum Agriturismo sind es nur 2,5 Kilometer.<\/p>\n<p>Montecatini verf\u00fcgt \u00fcber <strong>zwei Bahnh\u00f6fe<\/strong>, die sowohl die Strecke Florenz-Lucca (Richtung Osten) als auch Viareggio-Pisa (Richtung Westen) abdecken. <\/p>\n<p>Und diejenigen, die mit dem Flugzeug anreisen, haben gleich zwei M\u00f6glichkeiten, denn wir liegen genau zwischen den <strong>Flugh\u00e4fen Florenz (Peretola)<\/strong> und <strong>Pisa (Galilei)<\/strong>.<\/p>\n<style>\n\t.google-maps {\n\tposition: relative;\n\tpadding-bottom: 75%;\n\theight: 0;\n\toverflow: hidden;\n\t}\n\t.google-maps iframe {\n\tposition: absolute;\n\ttop: 0;\n\tleft: 0;\n\twidth: 100% !important;\n\theight: 100% !important;\n\t}\n<\/style>\n<div class=\"google-maps\">\n\t<iframe loading=\"lazy\" src=\"https:\/\/www.google.com\/maps\/embed?pb=!1m18!1m12!1m3!1d903.7823980620651!2d10.782191000000003!3d43.89486200966465!2m3!1f0!2f0!3f0!3m2!1i1024!2i768!4f13.1!3m3!1m2!1s0x0%3A0x0!2zNDPCsDUzJzQxLjUiTiAxMMKwNDYnNTUuOSJF!5e1!3m2!1sde!2sde!4v1433415676406\" width=\"600\" height=\"450\" frameborder=\"0\" style=\"border:0\"><\/iframe>\n<\/div>\n<h3>Vollst\u00e4ndige Anschrift:<\/h3>\n<p><a href=\"https:\/\/poderegori.it\/de\/wp-content\/uploads\/sites\/3\/2015\/06\/podere-gori_via-amore.jpg\" rel=\"lightbox[23]\"><img loading=\"lazy\" decoding=\"async\" src=\"https:\/\/poderegori.it\/de\/wp-content\/uploads\/sites\/3\/2015\/06\/podere-gori_via-amore-300x199.jpg\" alt=\"podere-gori_via-amore\" width=\"300\" height=\"199\" class=\"alignright size-medium wp-image-79\" srcset=\"https:\/\/poderegori.it\/de\/wp-content\/uploads\/sites\/3\/2015\/06\/podere-gori_via-amore-300x199.jpg 300w, https:\/\/poderegori.it\/de\/wp-content\/uploads\/sites\/3\/2015\/06\/podere-gori_via-amore-1024x680.jpg 1024w, https:\/\/poderegori.it\/de\/wp-content\/uploads\/sites\/3\/2015\/06\/podere-gori_via-amore-602x400.jpg 602w, https:\/\/poderegori.it\/de\/wp-content\/uploads\/sites\/3\/2015\/06\/podere-gori_via-amore-200x133.jpg 200w, https:\/\/poderegori.it\/de\/wp-content\/uploads\/sites\/3\/2015\/06\/podere-gori_via-amore.jpg 1506w\" sizes=\"auto, (max-width: 300px) 100vw, 300px\" \/><\/a><br \/>\nAgriturismo Podere Gori<br \/>\nVia Amore, 20<br \/>\n51016 MONTECATINI TERME (Pistoia)<br \/>\nITALIEN<\/p>\n<p>Telefon: <a href=\"tel:+39 333 4713375\">+39 333 4713375<\/a><br \/>\nWebsite: <a title=\"Agriturismo Podere Gori\" href=\"http:\/\/www.poderegori.it\/\" target=\"_blank\">www.poderegori.it<\/a><\/p>\n<h3>GPS-Koordinaten<\/h3>\n<p><strong>43.894862\u00b0N, 10.782191\u00b0E<\/strong><\/p>\n","protected":false},"excerpt":{"rendered":"<p>Genie\u00dfen Sie die ruhige Umgebung des Agriturismo Podere Gori, das satte Gr\u00fcn der toskanischen Landschaft, das Gezwitscher der V\u00f6gel, die duftenden wilden Kr\u00e4uter und Blumen. Und wenn Sie sich nach etwas mehr Trubel sehnen, finden Sie sich nach nur wenigen Gehminuten in der Mitte des \u00d6rtchens Montecatini Terme wieder. Hier k\u00f6nnen Sie sich die bekannten [&hellip;]<\/p>\n","protected":false},"author":1,"featured_media":80,"parent":0,"menu_order":40,"comment_status":"closed","ping_status":"closed","template":"","meta":{"footnotes":""},"class_list":["post-23","page","type-page","status-publish","has-post-thumbnail","hentry"],"aioseo_notices":[],"_links":{"self":[{"href":"https:\/\/poderegori.it\/de\/wp-json\/wp\/v2\/pages\/23","targetHints":{"allow":["GET"]}}],"collection":[{"href":"https:\/\/poderegori.it\/de\/wp-json\/wp\/v2\/pages"}],"about":[{"href":"https:\/\/poderegori.it\/de\/wp-json\/wp\/v2\/types\/page"}],"author":[{"embeddable":true,"href":"https:\/\/poderegori.it\/de\/wp-json\/wp\/v2\/users\/1"}],"replies":[{"embeddable":true,"href":"https:\/\/poderegori.it\/de\/wp-json\/wp\/v2\/comments?post=23"}],"version-history":[{"count":4,"href":"https:\/\/poderegori.it\/de\/wp-json\/wp\/v2\/pages\/23\/revisions"}],"predecessor-version":[{"id":129,"href":"https:\/\/poderegori.it\/de\/wp-json\/wp\/v2\/pages\/23\/revisions\/129"}],"wp:featuredmedia":[{"embeddable":true,"href":"https:\/\/poderegori.it\/de\/wp-json\/wp\/v2\/media\/80"}],"wp:attachment":[{"href":"https:\/\/poderegori.it\/de\/wp-json\/wp\/v2\/media?parent=23"}],"curies":[{"name":"wp","href":"https:\/\/api.w.org\/{rel}","templated":true}]}}