{"id":18,"date":"2015-06-05T09:41:45","date_gmt":"2015-06-05T08:41:45","guid":{"rendered":"https:\/\/poderegori.it\/de\/?page_id=18"},"modified":"2016-12-01T10:39:18","modified_gmt":"2016-12-01T08:39:18","slug":"ausstattung","status":"publish","type":"page","link":"https:\/\/poderegori.it\/de\/ausstattung\/","title":{"rendered":"Ausstattung"},"content":{"rendered":"<p>Podere Gori ist ein kleines Landgut, in dem wir Sie als unsere G\u00e4ste herzlich und in gem\u00fctlicher Atmosph\u00e4re empfangen. Und wenn Sie m\u00f6gen, gibt&#8217;s den Familienanschluss gleich dazu.<\/p>\n<p>Verf\u00fcgbar sind <strong>drei Doppelzimmer<\/strong> mit eigenem Bad, die Sie mit bis zu zwei Zustellbetten aufstocken k\u00f6nnen.<br \/>\n<a href=\"https:\/\/poderegori.it\/de\/zimmer\/\" title=\"Zimmer\">\u203a zu den Zimmern des Podere Gori<\/a><\/p>\n\n\t\t<style type=\"text\/css\">\n\t\t\t#gallery-1 {\n\t\t\t\tmargin: auto;\n\t\t\t}\n\t\t\t#gallery-1 .gallery-item {\n\t\t\t\tfloat: left;\n\t\t\t\tmargin-top: 10px;\n\t\t\t\ttext-align: center;\n\t\t\t\twidth: 33%;\n\t\t\t}\n\t\t\t#gallery-1 img {\n\t\t\t\tborder: 2px solid #cfcfcf;\n\t\t\t}\n\t\t\t#gallery-1 .gallery-caption {\n\t\t\t\tmargin-left: 0;\n\t\t\t}\n\t\t\t\/* see gallery_shortcode() in wp-includes\/media.php *\/\n\t\t<\/style>\n\t\t<div id='gallery-1' class='gallery galleryid-18 gallery-columns-3 gallery-size-medium'><dl class='gallery-item'>\n\t\t\t<dt class='gallery-icon landscape'>\n\t\t\t\t<a href='https:\/\/poderegori.it\/de\/wp-content\/uploads\/sites\/3\/2015\/06\/346.jpg' rel=\"lightbox[18]\"><img loading=\"lazy\" decoding=\"async\" width=\"300\" height=\"225\" src=\"https:\/\/poderegori.it\/de\/wp-content\/uploads\/sites\/3\/2015\/06\/346-300x225.jpg\" class=\"attachment-medium size-medium\" alt=\"\" aria-describedby=\"gallery-1-89\" srcset=\"https:\/\/poderegori.it\/de\/wp-content\/uploads\/sites\/3\/2015\/06\/346-300x225.jpg 300w, https:\/\/poderegori.it\/de\/wp-content\/uploads\/sites\/3\/2015\/06\/346-1024x768.jpg 1024w, https:\/\/poderegori.it\/de\/wp-content\/uploads\/sites\/3\/2015\/06\/346-533x400.jpg 533w, https:\/\/poderegori.it\/de\/wp-content\/uploads\/sites\/3\/2015\/06\/346.jpg 1200w\" sizes=\"auto, (max-width: 300px) 100vw, 300px\" \/><\/a>\n\t\t\t<\/dt>\n\t\t\t\t<dd class='wp-caption-text gallery-caption' id='gallery-1-89'>\n\t\t\t\tCamera del Gelso\n\t\t\t\t<\/dd><\/dl><dl class='gallery-item'>\n\t\t\t<dt class='gallery-icon landscape'>\n\t\t\t\t<a href='https:\/\/poderegori.it\/de\/wp-content\/uploads\/sites\/3\/2015\/06\/360.jpg' rel=\"lightbox[18]\"><img loading=\"lazy\" decoding=\"async\" width=\"300\" height=\"225\" src=\"https:\/\/poderegori.it\/de\/wp-content\/uploads\/sites\/3\/2015\/06\/360-300x225.jpg\" class=\"attachment-medium size-medium\" alt=\"\" aria-describedby=\"gallery-1-92\" srcset=\"https:\/\/poderegori.it\/de\/wp-content\/uploads\/sites\/3\/2015\/06\/360-300x225.jpg 300w, https:\/\/poderegori.it\/de\/wp-content\/uploads\/sites\/3\/2015\/06\/360-1024x768.jpg 1024w, https:\/\/poderegori.it\/de\/wp-content\/uploads\/sites\/3\/2015\/06\/360-533x400.jpg 533w, https:\/\/poderegori.it\/de\/wp-content\/uploads\/sites\/3\/2015\/06\/360.jpg 1200w\" sizes=\"auto, (max-width: 300px) 100vw, 300px\" \/><\/a>\n\t\t\t<\/dt>\n\t\t\t\t<dd class='wp-caption-text gallery-caption' id='gallery-1-92'>\n\t\t\t\tCamera del Grano\n\t\t\t\t<\/dd><\/dl><dl class='gallery-item'>\n\t\t\t<dt class='gallery-icon landscape'>\n\t\t\t\t<a href='https:\/\/poderegori.it\/de\/wp-content\/uploads\/sites\/3\/2015\/06\/384.jpg' rel=\"lightbox[18]\"><img loading=\"lazy\" decoding=\"async\" width=\"300\" height=\"225\" src=\"https:\/\/poderegori.it\/de\/wp-content\/uploads\/sites\/3\/2015\/06\/384-300x225.jpg\" class=\"attachment-medium size-medium\" alt=\"\" aria-describedby=\"gallery-1-94\" srcset=\"https:\/\/poderegori.it\/de\/wp-content\/uploads\/sites\/3\/2015\/06\/384-300x225.jpg 300w, https:\/\/poderegori.it\/de\/wp-content\/uploads\/sites\/3\/2015\/06\/384-1024x768.jpg 1024w, https:\/\/poderegori.it\/de\/wp-content\/uploads\/sites\/3\/2015\/06\/384-533x400.jpg 533w, https:\/\/poderegori.it\/de\/wp-content\/uploads\/sites\/3\/2015\/06\/384.jpg 1200w\" sizes=\"auto, (max-width: 300px) 100vw, 300px\" \/><\/a>\n\t\t\t<\/dt>\n\t\t\t\t<dd class='wp-caption-text gallery-caption' id='gallery-1-94'>\n\t\t\t\tCamera del Vinsanto\n\t\t\t\t<\/dd><\/dl><br style=\"clear: both\" \/>\n\t\t<\/div>\n\n<p>Alle Zimmer sind mit einer Klimaanlage ausgestattet, kostenloses WiFi ist ebenfalls inklusive.<\/p>\n<p>Im Au\u00dfenbereich finden Sie neben ausreichend Parkpl\u00e4tzen auch Spielger\u00e4te und Fl\u00e4chen f\u00fcr Erwachsene mit Kindern.<\/p>\n<div id=\"attachment_77\" style=\"width: 900px\" class=\"wp-caption aligncenter\"><a href=\"https:\/\/poderegori.it\/de\/wp-content\/uploads\/sites\/3\/2015\/06\/podere-gori_panoramica_2.jpg\" rel=\"lightbox[18]\"><img loading=\"lazy\" decoding=\"async\" aria-describedby=\"caption-attachment-77\" src=\"https:\/\/poderegori.it\/de\/wp-content\/uploads\/sites\/3\/2015\/06\/podere-gori_panoramica_2-1024x314.jpg\" alt=\"Panorama Au\u00dfenbereich\" width=\"890\" height=\"273\" class=\"size-large wp-image-77\" srcset=\"https:\/\/poderegori.it\/de\/wp-content\/uploads\/sites\/3\/2015\/06\/podere-gori_panoramica_2-1024x314.jpg 1024w, https:\/\/poderegori.it\/de\/wp-content\/uploads\/sites\/3\/2015\/06\/podere-gori_panoramica_2-300x92.jpg 300w, https:\/\/poderegori.it\/de\/wp-content\/uploads\/sites\/3\/2015\/06\/podere-gori_panoramica_2-1200x368.jpg 1200w\" sizes=\"auto, (max-width: 890px) 100vw, 890px\" \/><\/a><p id=\"caption-attachment-77\" class=\"wp-caption-text\">Panorama Au\u00dfenbereich<\/p><\/div>\n<h2>Restaurant<\/h2>\n<p>In unserem Hause bekommen Sie Einblicke in die echte italienische K\u00fcche. Zaubern Sie gemeinsam mit unserer K\u00f6chin Signora Emanuala toskanische K\u00f6stlichkeiten wie diese:<\/p>\n<ul>\n<li>Antipasti \u2013 verschiedene Crostini-Varianten und regionaler Aufschnitt<\/li>\n<li>Bruschetta<\/li>\n<li>Florentinische Crespelle (Pfannkuchen)<\/li>\n<li>Frische, hausgemachte Pasta: Tagliatelle und Maccheroni al Rag\u00f9, Ravioli, etc.<\/li>\n<li>Polenta<\/li>\n<li>Toskanische Gem\u00fcsesuppe (Ribollita)<\/li>\n<li>Fladenbrot mit Schwarzkohl (Farinata)<\/li>\n<li>Toskanischer Brotsalat (Panzanella)<\/li>\n<li>Steak auf florentinische Art (Bistecca Fiorentina)<\/li>\n<li>gemischtes, gebratenes Fleisch<\/li>\n<li>gemischtes, gebratenes Huhn und Kaninchen mit Gem\u00fcse der Saison<\/li>\n<\/ul>\n<p>und f\u00fcr den s\u00fc\u00dfen Zahn:<\/p>\n<ul>\n<li>Toskanischer Kastanienmehlkuchen (Castagnaccio)<\/li>\n<li>Crostata mit Fr\u00fcchten<\/li>\n<li>Krapfen<\/li>\n<li>Tiramis\u00f9<\/li>\n<li>Schmalzgeb\u00e4ck<\/li>\n<\/ul>\n<p>Sind Sie auf den Geschmack gekommen? <a href=\"https:\/\/poderegori.it\/de\/kontakt\/\" title=\"Kontakt\">Sprechen Sie uns gern an<\/a>, wenn Sie Interesse haben!<\/p>\n","protected":false},"excerpt":{"rendered":"<p>Podere Gori ist ein kleines Landgut, in dem wir Sie als unsere G\u00e4ste herzlich und in gem\u00fctlicher Atmosph\u00e4re empfangen. Und wenn Sie m\u00f6gen, gibt&#8217;s den Familienanschluss gleich dazu. Verf\u00fcgbar sind drei Doppelzimmer mit eigenem Bad, die Sie mit bis zu zwei Zustellbetten aufstocken k\u00f6nnen. \u203a zu den Zimmern des Podere Gori Alle Zimmer sind mit [&hellip;]<\/p>\n","protected":false},"author":1,"featured_media":55,"parent":0,"menu_order":30,"comment_status":"closed","ping_status":"closed","template":"","meta":{"footnotes":""},"class_list":["post-18","page","type-page","status-publish","has-post-thumbnail","hentry"],"aioseo_notices":[],"_links":{"self":[{"href":"https:\/\/poderegori.it\/de\/wp-json\/wp\/v2\/pages\/18","targetHints":{"allow":["GET"]}}],"collection":[{"href":"https:\/\/poderegori.it\/de\/wp-json\/wp\/v2\/pages"}],"about":[{"href":"https:\/\/poderegori.it\/de\/wp-json\/wp\/v2\/types\/page"}],"author":[{"embeddable":true,"href":"https:\/\/poderegori.it\/de\/wp-json\/wp\/v2\/users\/1"}],"replies":[{"embeddable":true,"href":"https:\/\/poderegori.it\/de\/wp-json\/wp\/v2\/comments?post=18"}],"version-history":[{"count":11,"href":"https:\/\/poderegori.it\/de\/wp-json\/wp\/v2\/pages\/18\/revisions"}],"predecessor-version":[{"id":132,"href":"https:\/\/poderegori.it\/de\/wp-json\/wp\/v2\/pages\/18\/revisions\/132"}],"wp:featuredmedia":[{"embeddable":true,"href":"https:\/\/poderegori.it\/de\/wp-json\/wp\/v2\/media\/55"}],"wp:attachment":[{"href":"https:\/\/poderegori.it\/de\/wp-json\/wp\/v2\/media?parent=18"}],"curies":[{"name":"wp","href":"https:\/\/api.w.org\/{rel}","templated":true}]}}